{"id":1344,"date":"2026-02-11T13:54:13","date_gmt":"2026-02-11T13:54:13","guid":{"rendered":"https:\/\/raiontattoo.com\/?page_id=1344"},"modified":"2026-02-12T02:28:59","modified_gmt":"2026-02-12T02:28:59","slug":"termini-condizioni","status":"publish","type":"page","link":"https:\/\/raiontattoo.com\/en\/termini-condizioni\/","title":{"rendered":"Termini Condizioni"},"content":{"rendered":"<div data-elementor-type=\"wp-page\" data-elementor-id=\"1344\" class=\"elementor elementor-1344\" data-elementor-post-type=\"page\">\n\t\t\t\t<div class=\"elementor-element elementor-element-2a12baf e-flex e-con-boxed e-con e-parent\" data-id=\"2a12baf\" data-element_type=\"container\" data-e-type=\"container\">\n\t\t\t\t\t<div class=\"e-con-inner\">\n\t\t\t\t<div class=\"elementor-element elementor-element-a8d5cd4 elementor-widget elementor-widget-heading\" data-id=\"a8d5cd4\" data-element_type=\"widget\" data-e-type=\"widget\" data-widget_type=\"heading.default\">\n\t\t\t\t\t<h2 class=\"elementor-heading-title elementor-size-default\">Terms and conditions<\/h2>\t\t\t\t<\/div>\n\t\t<div class=\"elementor-element elementor-element-767e64c e-con-full e-flex e-con e-child\" data-id=\"767e64c\" data-element_type=\"container\" data-e-type=\"container\">\n\t\t\t\t<div class=\"elementor-element elementor-element-7b7f160 elementor-widget elementor-widget-heading\" data-id=\"7b7f160\" data-element_type=\"widget\" data-e-type=\"widget\" data-widget_type=\"heading.default\">\n\t\t\t\t\t<h2 class=\"elementor-heading-title elementor-size-default\">1. Owner of the site<\/h2>\t\t\t\t<\/div>\n\t\t\t\t<div class=\"elementor-element elementor-element-848024f elementor-widget elementor-widget-text-editor\" data-id=\"848024f\" data-element_type=\"widget\" data-e-type=\"widget\" data-widget_type=\"text-editor.default\">\n\t\t\t\t\t\t\t\t\t<p data-start=\"380\" data-end=\"419\">This website is owned by:<\/p><p data-start=\"421\" data-end=\"548\"><strong data-start=\"421\" data-end=\"439\">Mauro Tampieri<\/strong><br data-start=\"439\" data-end=\"442\" \/>Via Doberd\u00f2 11B<br data-start=\"457\" data-end=\"460\" \/>48121 Ravenna (RA) \u2013 Italy<br data-start=\"487\" data-end=\"490\" \/>VAT number: 02537420396<br data-start=\"514\" data-end=\"517\" \/>E-mail: <a class=\"decorated-link cursor-pointer\" rel=\"noopener\" data-start=\"524\" data-end=\"546\">info@maurotampieri.com<\/a><\/p>\t\t\t\t\t\t\t\t<\/div>\n\t\t\t\t<\/div>\n\t\t<div class=\"elementor-element elementor-element-95ff48f e-con-full e-flex e-con e-child\" data-id=\"95ff48f\" data-element_type=\"container\" data-e-type=\"container\">\n\t\t\t\t<div class=\"elementor-element elementor-element-21693fa elementor-widget elementor-widget-heading\" data-id=\"21693fa\" data-element_type=\"widget\" data-e-type=\"widget\" data-widget_type=\"heading.default\">\n\t\t\t\t\t<h2 class=\"elementor-heading-title elementor-size-default\">2. Purpose of the site<\/h2>\t\t\t\t<\/div>\n\t\t\t\t<div class=\"elementor-element elementor-element-b752282 elementor-widget elementor-widget-text-editor\" data-id=\"b752282\" data-element_type=\"widget\" data-e-type=\"widget\" data-widget_type=\"text-editor.default\">\n\t\t\t\t\t\t\t\t\t<p data-start=\"579\" data-end=\"689\">The site is intended exclusively for informational and promotional purposes regarding the \u201cRaion Tattoo\u201d tattoo studio.<\/p><p data-start=\"691\" data-end=\"722\">Through the site it is possible to:<\/p><ul data-start=\"724\" data-end=\"851\"><li data-start=\"724\" data-end=\"749\"><p data-start=\"726\" data-end=\"749\">Request information<\/p><\/li><li data-start=\"750\" data-end=\"776\"><p data-start=\"752\" data-end=\"776\">Request a quote<\/p><\/li><li data-start=\"777\" data-end=\"798\"><p data-start=\"779\" data-end=\"798\">To be contacted again<\/p><\/li><li data-start=\"799\" data-end=\"851\"><p data-start=\"801\" data-end=\"851\">Book an appointment by contacting us directly<\/p><\/li><\/ul><p data-start=\"853\" data-end=\"950\">The site <strong data-start=\"861\" data-end=\"912\">does not allow the conclusion of online contracts<\/strong>, nor the sale of products or services.<\/p>\t\t\t\t\t\t\t\t<\/div>\n\t\t\t\t<\/div>\n\t\t<div class=\"elementor-element elementor-element-dfefb08 e-con-full e-flex e-con e-child\" data-id=\"dfefb08\" data-element_type=\"container\" data-e-type=\"container\">\n\t\t\t\t<div class=\"elementor-element elementor-element-a0e2eb0 elementor-widget elementor-widget-heading\" data-id=\"a0e2eb0\" data-element_type=\"widget\" data-e-type=\"widget\" data-widget_type=\"heading.default\">\n\t\t\t\t\t<h2 class=\"elementor-heading-title elementor-size-default\">3. Nature of requests sent via the site<\/h2>\t\t\t\t<\/div>\n\t\t\t\t<div class=\"elementor-element elementor-element-84e38a7 elementor-widget elementor-widget-text-editor\" data-id=\"84e38a7\" data-element_type=\"widget\" data-e-type=\"widget\" data-widget_type=\"text-editor.default\">\n\t\t\t\t\t\t\t\t\t<p data-start=\"1008\" data-end=\"1062\">Sending the contact form or requesting a quote:<\/p><ul data-start=\"1064\" data-end=\"1165\"><li data-start=\"1064\" data-end=\"1091\"><p data-start=\"1066\" data-end=\"1091\">It does not constitute a contract<\/p><\/li><li data-start=\"1092\" data-end=\"1133\"><p data-start=\"1094\" data-end=\"1133\">It does not constitute a binding reservation<\/p><\/li><li data-start=\"1134\" data-end=\"1165\"><p data-start=\"1136\" data-end=\"1165\">It does not generate mutual obligations<\/p><\/li><\/ul><p data-start=\"1167\" data-end=\"1250\">Any appointments will be arranged later through direct contact.<\/p>\t\t\t\t\t\t\t\t<\/div>\n\t\t\t\t<\/div>\n\t\t<div class=\"elementor-element elementor-element-24721b8 e-con-full e-flex e-con e-child\" data-id=\"24721b8\" data-element_type=\"container\" data-e-type=\"container\">\n\t\t\t\t<div class=\"elementor-element elementor-element-598e6d9 elementor-widget elementor-widget-heading\" data-id=\"598e6d9\" data-element_type=\"widget\" data-e-type=\"widget\" data-widget_type=\"heading.default\">\n\t\t\t\t\t<h2 class=\"elementor-heading-title elementor-size-default\">4. Reservations and in-studio services<\/h2>\t\t\t\t<\/div>\n\t\t\t\t<div class=\"elementor-element elementor-element-e7070aa elementor-widget elementor-widget-text-editor\" data-id=\"e7070aa\" data-element_type=\"widget\" data-e-type=\"widget\" data-widget_type=\"text-editor.default\">\n\t\t\t\t\t\t\t\t\t<p data-start=\"1301\" data-end=\"1329\">Tattoo services:<\/p><ul data-start=\"1331\" data-end=\"1501\"><li data-start=\"1331\" data-end=\"1384\"><p data-start=\"1333\" data-end=\"1384\">They are carried out exclusively at the physical location<\/p><\/li><li data-start=\"1385\" data-end=\"1452\"><p data-start=\"1387\" data-end=\"1452\">They are subject to the completion and signature of the informed consent form<\/p><\/li><li data-start=\"1453\" data-end=\"1501\"><p data-start=\"1455\" data-end=\"1501\">They are subject to current health regulations<\/p><\/li><\/ul><p data-start=\"1503\" data-end=\"1623\">The practice reserves the right to refuse a service if safety or legal conditions are not met.<\/p>\t\t\t\t\t\t\t\t<\/div>\n\t\t\t\t<\/div>\n\t\t<div class=\"elementor-element elementor-element-59c7c88 e-con-full e-flex e-con e-child\" data-id=\"59c7c88\" data-element_type=\"container\" data-e-type=\"container\">\n\t\t\t\t<div class=\"elementor-element elementor-element-d9783d1 elementor-widget elementor-widget-heading\" data-id=\"d9783d1\" data-element_type=\"widget\" data-e-type=\"widget\" data-widget_type=\"heading.default\">\n\t\t\t\t\t<h2 class=\"elementor-heading-title elementor-size-default\">5. Minors<\/h2>\t\t\t\t<\/div>\n\t\t\t\t<div class=\"elementor-element elementor-element-d7e200a elementor-widget elementor-widget-text-editor\" data-id=\"d7e200a\" data-element_type=\"widget\" data-e-type=\"widget\" data-widget_type=\"text-editor.default\">\n\t\t\t\t\t\t\t\t\t<p data-start=\"1644\" data-end=\"1804\">Services for minors are subject to current Italian legislation and require the consent of a parent or legal guardian, where required by law. The site is not specifically intended for minors.<\/p>\t\t\t\t\t\t\t\t<\/div>\n\t\t\t\t<\/div>\n\t\t<div class=\"elementor-element elementor-element-f96a33e e-con-full e-flex e-con e-child\" data-id=\"f96a33e\" data-element_type=\"container\" data-e-type=\"container\">\n\t\t\t\t<div class=\"elementor-element elementor-element-005af43 elementor-widget elementor-widget-heading\" data-id=\"005af43\" data-element_type=\"widget\" data-e-type=\"widget\" data-widget_type=\"heading.default\">\n\t\t\t\t\t<h2 class=\"elementor-heading-title elementor-size-default\">6. Intellectual property<\/h2>\t\t\t\t<\/div>\n\t\t\t\t<div class=\"elementor-element elementor-element-b399c4a elementor-widget elementor-widget-text-editor\" data-id=\"b399c4a\" data-element_type=\"widget\" data-e-type=\"widget\" data-widget_type=\"text-editor.default\">\n\t\t\t\t\t\t\t\t\t<p data-start=\"1892\" data-end=\"1972\">All content on the site (including but not limited to):<\/p><ul data-start=\"1974\" data-end=\"2047\"><li data-start=\"1974\" data-end=\"1980\"><p data-start=\"1976\" data-end=\"1980\">Logo<\/p><\/li><li data-start=\"1981\" data-end=\"1990\"><p data-start=\"1983\" data-end=\"1990\">Brand<\/p><\/li><li data-start=\"1991\" data-end=\"1998\"><p data-start=\"1993\" data-end=\"1998\">Texts<\/p><\/li><li data-start=\"1999\" data-end=\"2011\"><p data-start=\"2001\" data-end=\"2011\">Photographs<\/p><\/li><li data-start=\"2012\" data-end=\"2019\"><p data-start=\"2014\" data-end=\"2019\">Video<\/p><\/li><li data-start=\"2020\" data-end=\"2038\"><p data-start=\"2022\" data-end=\"2038\">Graphic elements<\/p><\/li><li data-start=\"2039\" data-end=\"2047\"><p data-start=\"2041\" data-end=\"2047\">Design<\/p><\/li><\/ul><p data-start=\"2049\" data-end=\"2121\">are owned by the Owner or used with regular authorization.<\/p><p data-start=\"2123\" data-end=\"2133\">It is prohibited:<\/p><ul data-start=\"2135\" data-end=\"2223\"><li data-start=\"2135\" data-end=\"2152\"><p data-start=\"2137\" data-end=\"2152\">The reproduction<\/p><\/li><li data-start=\"2153\" data-end=\"2163\"><p data-start=\"2155\" data-end=\"2163\">The copy<\/p><\/li><li data-start=\"2164\" data-end=\"2182\"><p data-start=\"2166\" data-end=\"2182\">The distribution<\/p><\/li><li data-start=\"2183\" data-end=\"2223\"><p data-start=\"2185\" data-end=\"2223\">Unauthorized commercial use<\/p><\/li><\/ul>\t\t\t\t\t\t\t\t<\/div>\n\t\t\t\t<\/div>\n\t\t<div class=\"elementor-element elementor-element-918951b e-con-full e-flex e-con e-child\" data-id=\"918951b\" data-element_type=\"container\" data-e-type=\"container\">\n\t\t\t\t<div class=\"elementor-element elementor-element-03f7c3a elementor-widget elementor-widget-heading\" data-id=\"03f7c3a\" data-element_type=\"widget\" data-e-type=\"widget\" data-widget_type=\"heading.default\">\n\t\t\t\t\t<h2 class=\"elementor-heading-title elementor-size-default\">7. Limitation of liability<\/h2>\t\t\t\t<\/div>\n\t\t\t\t<div class=\"elementor-element elementor-element-5b05a20 elementor-widget elementor-widget-text-editor\" data-id=\"5b05a20\" data-element_type=\"widget\" data-e-type=\"widget\" data-widget_type=\"text-editor.default\">\n\t\t\t\t\t\t\t\t\t<p data-start=\"2267\" data-end=\"2294\">The Owner does not guarantee:<\/p><ul data-start=\"2296\" data-end=\"2393\"><li data-start=\"2296\" data-end=\"2325\"><p data-start=\"2298\" data-end=\"2325\">The absence of technical errors<\/p><\/li><li data-start=\"2326\" data-end=\"2354\"><p data-start=\"2328\" data-end=\"2354\">Continuity of service<\/p><\/li><li data-start=\"2355\" data-end=\"2393\"><p data-start=\"2357\" data-end=\"2393\">The absence of temporary interruptions<\/p><\/li><\/ul><p data-start=\"2395\" data-end=\"2426\">The site is provided \u201cas is\u201d.<\/p><p data-start=\"2428\" data-end=\"2521\">The Owner is not responsible for indirect or consequential damages arising from the use of the site.<\/p>\t\t\t\t\t\t\t\t<\/div>\n\t\t\t\t<\/div>\n\t\t<div class=\"elementor-element elementor-element-dbe9b2e e-con-full e-flex e-con e-child\" data-id=\"dbe9b2e\" data-element_type=\"container\" data-e-type=\"container\">\n\t\t\t\t<div class=\"elementor-element elementor-element-58d00dd elementor-widget elementor-widget-heading\" data-id=\"58d00dd\" data-element_type=\"widget\" data-e-type=\"widget\" data-widget_type=\"heading.default\">\n\t\t\t\t\t<h2 class=\"elementor-heading-title elementor-size-default\">8. External links<\/h2>\t\t\t\t<\/div>\n\t\t\t\t<div class=\"elementor-element elementor-element-e6ff5ce elementor-widget elementor-widget-text-editor\" data-id=\"e6ff5ce\" data-element_type=\"widget\" data-e-type=\"widget\" data-widget_type=\"text-editor.default\">\n\t\t\t\t\t\t\t\t\t<p data-start=\"2548\" data-end=\"2605\">The site may contain links to third-party sites.<\/p><p data-start=\"2607\" data-end=\"2683\">The Owner is not responsible for the content or policies of such sites.<\/p>\t\t\t\t\t\t\t\t<\/div>\n\t\t\t\t<\/div>\n\t\t<div class=\"elementor-element elementor-element-5e1793e e-con-full e-flex e-con e-child\" data-id=\"5e1793e\" data-element_type=\"container\" data-e-type=\"container\">\n\t\t\t\t<div class=\"elementor-element elementor-element-be90527 elementor-widget elementor-widget-heading\" data-id=\"be90527\" data-element_type=\"widget\" data-e-type=\"widget\" data-widget_type=\"heading.default\">\n\t\t\t\t\t<h2 class=\"elementor-heading-title elementor-size-default\">9. Protection of personal data<\/h2>\t\t\t\t<\/div>\n\t\t\t\t<div class=\"elementor-element elementor-element-e5009cf elementor-widget elementor-widget-text-editor\" data-id=\"e5009cf\" data-element_type=\"widget\" data-e-type=\"widget\" data-widget_type=\"text-editor.default\">\n\t\t\t\t\t\t\t\t\t<p data-start=\"2727\" data-end=\"2865\">The processing of personal data is governed by the Privacy Policy and the Cookie Policy, which can be consulted in the appropriate sections of the site.<\/p>\t\t\t\t\t\t\t\t<\/div>\n\t\t\t\t<\/div>\n\t\t<div class=\"elementor-element elementor-element-03cc1cb e-con-full e-flex e-con e-child\" data-id=\"03cc1cb\" data-element_type=\"container\" data-e-type=\"container\">\n\t\t\t\t<div class=\"elementor-element elementor-element-35c047c elementor-widget elementor-widget-heading\" data-id=\"35c047c\" data-element_type=\"widget\" data-e-type=\"widget\" data-widget_type=\"heading.default\">\n\t\t\t\t\t<h2 class=\"elementor-heading-title elementor-size-default\">10. Changes to the Terms<\/h2>\t\t\t\t<\/div>\n\t\t\t\t<div class=\"elementor-element elementor-element-977f7ca elementor-widget elementor-widget-text-editor\" data-id=\"977f7ca\" data-element_type=\"widget\" data-e-type=\"widget\" data-widget_type=\"text-editor.default\">\n\t\t\t\t\t\t\t\t\t<p data-start=\"2901\" data-end=\"2989\">The Owner reserves the right to modify these Terms at any time. The changes will take effect from the date of publication on the site.<\/p>\t\t\t\t\t\t\t\t<\/div>\n\t\t\t\t<\/div>\n\t\t<div class=\"elementor-element elementor-element-8a37c4f e-con-full e-flex e-con e-child\" data-id=\"8a37c4f\" data-element_type=\"container\" data-e-type=\"container\">\n\t\t\t\t<div class=\"elementor-element elementor-element-cf3ae56 elementor-widget elementor-widget-heading\" data-id=\"cf3ae56\" data-element_type=\"widget\" data-e-type=\"widget\" data-widget_type=\"heading.default\">\n\t\t\t\t\t<h2 class=\"elementor-heading-title elementor-size-default\">11. Applicable law and competent court<\/h2>\t\t\t\t<\/div>\n\t\t\t\t<div class=\"elementor-element elementor-element-7569ce5 elementor-widget elementor-widget-text-editor\" data-id=\"7569ce5\" data-element_type=\"widget\" data-e-type=\"widget\" data-widget_type=\"text-editor.default\">\n\t\t\t\t\t\t\t\t\t<p data-start=\"3108\" data-end=\"3162\">These Terms are governed by Italian law. Any disputes arising from these Terms shall be subject to the exclusive jurisdiction of the Court of Ravenna, unless otherwise provided by mandatory law.<\/p>\t\t\t\t\t\t\t\t<\/div>\n\t\t\t\t<\/div>\n\t\t\t\t\t<\/div>\n\t\t\t\t<\/div>\n\t\t\t\t<\/div>","protected":false},"excerpt":{"rendered":"<p>Termini e condizioni 1. Titolare del sito l presente sito web \u00e8 di propriet\u00e0 di: Mauro TampieriVia Doberd\u00f2 11B48121 Ravenna (RA) \u2013 ItaliaPartita IVA: 02537420396Email: info@maurotampieri.com 2. Oggetto del sito Il sito ha finalit\u00e0 esclusivamente informative e promozionali dell\u2019attivit\u00e0 di studio tatuaggi \u201cRaion Tattoo\u201d. Attraverso il sito \u00e8 possibile: Richiedere informazioni Richiedere un preventivo Essere [&hellip;]<\/p>\n","protected":false},"author":1,"featured_media":0,"parent":0,"menu_order":0,"comment_status":"closed","ping_status":"closed","template":"","meta":{"_seopress_robots_primary_cat":"","_seopress_titles_title":"","_seopress_titles_desc":"","_seopress_robots_index":"","footnotes":""},"class_list":["post-1344","page","type-page","status-publish","hentry"],"_links":{"self":[{"href":"https:\/\/raiontattoo.com\/en\/wp-json\/wp\/v2\/pages\/1344","targetHints":{"allow":["GET"]}}],"collection":[{"href":"https:\/\/raiontattoo.com\/en\/wp-json\/wp\/v2\/pages"}],"about":[{"href":"https:\/\/raiontattoo.com\/en\/wp-json\/wp\/v2\/types\/page"}],"author":[{"embeddable":true,"href":"https:\/\/raiontattoo.com\/en\/wp-json\/wp\/v2\/users\/1"}],"replies":[{"embeddable":true,"href":"https:\/\/raiontattoo.com\/en\/wp-json\/wp\/v2\/comments?post=1344"}],"version-history":[{"count":8,"href":"https:\/\/raiontattoo.com\/en\/wp-json\/wp\/v2\/pages\/1344\/revisions"}],"predecessor-version":[{"id":1352,"href":"https:\/\/raiontattoo.com\/en\/wp-json\/wp\/v2\/pages\/1344\/revisions\/1352"}],"wp:attachment":[{"href":"https:\/\/raiontattoo.com\/en\/wp-json\/wp\/v2\/media?parent=1344"}],"curies":[{"name":"wp","href":"https:\/\/api.w.org\/{rel}","templated":true}]}}